{"id":2352,"date":"2025-12-16T11:36:39","date_gmt":"2025-12-16T11:36:39","guid":{"rendered":"https:\/\/jg26.store\/?post_type=product&#038;p=2352"},"modified":"2026-01-26T14:34:37","modified_gmt":"2026-01-26T14:34:37","slug":"fight-for-your-dreams-new-season","status":"publish","type":"product","link":"https:\/\/jg26.store\/index.php\/producto\/fight-for-your-dreams-new-season\/","title":{"rendered":"Fight for your dreams &#8211; New season"},"content":{"rendered":"<ul>\n<li>Made in Portugal<\/li>\n<li>100% Organic Cotton<\/li>\n<li>240GSM<\/li>\n<li>Regular Fit<\/li>\n<li>Unisex<\/li>\n<\/ul>\n","protected":false},"excerpt":{"rendered":"<p>No \u00e9s nom\u00e9s una samarreta: \u00e9s un recordatori. Fight for Your Dreams \u00e9s per als dies que t\u2019aixeques, apretes i continues quan seria m\u00e9s f\u00e0cil plegar. JG26 discret al pit i un dorsal potent amb est\u00e8tica racing que parla sol: no vens a fer pres\u00e8ncia, vas a per totes.<\/p>\n","protected":false},"featured_media":2367,"comment_status":"open","ping_status":"closed","template":"","meta":[],"product_brand":[],"product_cat":[149],"product_tag":[],"class_list":{"0":"post-2352","1":"product","2":"type-product","3":"status-publish","4":"has-post-thumbnail","6":"product_cat-samarretes","7":"product_shipping_class-normals","9":"first","10":"instock","11":"taxable","12":"shipping-taxable","13":"purchasable","14":"product-type-variable"},"_links":{"self":[{"href":"https:\/\/jg26.store\/index.php\/wp-json\/wp\/v2\/product\/2352","targetHints":{"allow":["GET"]}}],"collection":[{"href":"https:\/\/jg26.store\/index.php\/wp-json\/wp\/v2\/product"}],"about":[{"href":"https:\/\/jg26.store\/index.php\/wp-json\/wp\/v2\/types\/product"}],"replies":[{"embeddable":true,"href":"https:\/\/jg26.store\/index.php\/wp-json\/wp\/v2\/comments?post=2352"}],"wp:featuredmedia":[{"embeddable":true,"href":"https:\/\/jg26.store\/index.php\/wp-json\/wp\/v2\/media\/2367"}],"wp:attachment":[{"href":"https:\/\/jg26.store\/index.php\/wp-json\/wp\/v2\/media?parent=2352"}],"wp:term":[{"taxonomy":"product_brand","embeddable":true,"href":"https:\/\/jg26.store\/index.php\/wp-json\/wp\/v2\/product_brand?post=2352"},{"taxonomy":"product_cat","embeddable":true,"href":"https:\/\/jg26.store\/index.php\/wp-json\/wp\/v2\/product_cat?post=2352"},{"taxonomy":"product_tag","embeddable":true,"href":"https:\/\/jg26.store\/index.php\/wp-json\/wp\/v2\/product_tag?post=2352"}],"curies":[{"name":"wp","href":"https:\/\/api.w.org\/{rel}","templated":true}]}}