{"id":2226,"date":"2025-02-14T11:36:16","date_gmt":"2025-02-14T11:36:16","guid":{"rendered":"https:\/\/jg26.store\/?post_type=product&#038;p=2226"},"modified":"2025-12-19T06:34:19","modified_gmt":"2025-12-19T06:34:19","slug":"happy-kid-jg26-2","status":"publish","type":"product","link":"https:\/\/jg26.store\/index.php\/es\/producto\/happy-kid-jg26-2\/","title":{"rendered":"Happy Kid JG26"},"content":{"rendered":"<ul>\n<li>Made in Portugal<\/li>\n<li>100% Organic Cotton<\/li>\n<li>240GSM<\/li>\n<li>Regular Fit<\/li>\n<li>Unisex<\/li>\n<\/ul>\n","protected":false},"excerpt":{"rendered":"<p>La camiseta Happy Kid est\u00e1 inspirada en la energ\u00eda y la alegr\u00eda de los m\u00e1s peque\u00f1os, celebrando la nueva aventura de Josep como padre. Fabricada con tejidos suaves y c\u00f3modos, esta camiseta es perfecta para que los futuros campeones jueguen, exploren y crezcan con total libertad. Un dise\u00f1o \u00fanico para los ni\u00f1os que llevan el esp\u00edritu aventurero dentro. \u00a1Haz que cada d\u00eda sea una nueva aventura!<\/p>\n","protected":false},"featured_media":2204,"comment_status":"open","ping_status":"closed","template":"","meta":[],"product_brand":[],"product_cat":[151],"product_tag":[],"class_list":{"0":"post-2226","1":"product","2":"type-product","3":"status-publish","4":"has-post-thumbnail","6":"product_cat-camisetas","7":"product_shipping_class-normals","9":"first","10":"instock","11":"taxable","12":"shipping-taxable","13":"purchasable","14":"product-type-variable"},"_links":{"self":[{"href":"https:\/\/jg26.store\/index.php\/wp-json\/wp\/v2\/product\/2226","targetHints":{"allow":["GET"]}}],"collection":[{"href":"https:\/\/jg26.store\/index.php\/wp-json\/wp\/v2\/product"}],"about":[{"href":"https:\/\/jg26.store\/index.php\/wp-json\/wp\/v2\/types\/product"}],"replies":[{"embeddable":true,"href":"https:\/\/jg26.store\/index.php\/wp-json\/wp\/v2\/comments?post=2226"}],"wp:featuredmedia":[{"embeddable":true,"href":"https:\/\/jg26.store\/index.php\/wp-json\/wp\/v2\/media\/2204"}],"wp:attachment":[{"href":"https:\/\/jg26.store\/index.php\/wp-json\/wp\/v2\/media?parent=2226"}],"wp:term":[{"taxonomy":"product_brand","embeddable":true,"href":"https:\/\/jg26.store\/index.php\/wp-json\/wp\/v2\/product_brand?post=2226"},{"taxonomy":"product_cat","embeddable":true,"href":"https:\/\/jg26.store\/index.php\/wp-json\/wp\/v2\/product_cat?post=2226"},{"taxonomy":"product_tag","embeddable":true,"href":"https:\/\/jg26.store\/index.php\/wp-json\/wp\/v2\/product_tag?post=2226"}],"curies":[{"name":"wp","href":"https:\/\/api.w.org\/{rel}","templated":true}]}}