{"id":2218,"date":"2025-02-14T11:03:16","date_gmt":"2025-02-14T11:03:16","guid":{"rendered":"https:\/\/jg26.store\/?post_type=product&#038;p=2218"},"modified":"2025-12-19T06:34:19","modified_gmt":"2025-12-19T06:34:19","slug":"happy-kid-jg26","status":"publish","type":"product","link":"https:\/\/jg26.store\/index.php\/producto\/happy-kid-jg26\/","title":{"rendered":"Happy Kid JG26"},"content":{"rendered":"<ul>\n<li>Made in Portugal<\/li>\n<li>100% Organic Cotton<\/li>\n<li>240GSM<\/li>\n<li>Regular Fit<\/li>\n<li>Unisex<\/li>\n<\/ul>\n","protected":false},"excerpt":{"rendered":"<p>La samarreta Happy Kid est\u00e0 inspirada en l\u2019energia i l\u2019alegria dels m\u00e9s petits, celebrant la nova aventura d&#8217;en Josep com a pare. Fabricada amb teixits suaus i c\u00f2modes, aquesta samarreta \u00e9s perfecta perqu\u00e8 els <strong>futurs campions<\/strong> juguin, explorin i creixin amb total llibertat. Un disseny \u00fanic per als nens que porten l\u2019esperit aventurer a dins. Fes que cada dia sigui una nova aventura!<\/p>\n","protected":false},"featured_media":2204,"comment_status":"open","ping_status":"closed","template":"","meta":[],"product_brand":[],"product_cat":[149],"product_tag":[],"class_list":{"0":"post-2218","1":"product","2":"type-product","3":"status-publish","4":"has-post-thumbnail","6":"product_cat-samarretes","7":"product_shipping_class-normals","9":"first","10":"instock","11":"taxable","12":"shipping-taxable","13":"purchasable","14":"product-type-variable"},"_links":{"self":[{"href":"https:\/\/jg26.store\/index.php\/wp-json\/wp\/v2\/product\/2218","targetHints":{"allow":["GET"]}}],"collection":[{"href":"https:\/\/jg26.store\/index.php\/wp-json\/wp\/v2\/product"}],"about":[{"href":"https:\/\/jg26.store\/index.php\/wp-json\/wp\/v2\/types\/product"}],"replies":[{"embeddable":true,"href":"https:\/\/jg26.store\/index.php\/wp-json\/wp\/v2\/comments?post=2218"}],"wp:featuredmedia":[{"embeddable":true,"href":"https:\/\/jg26.store\/index.php\/wp-json\/wp\/v2\/media\/2204"}],"wp:attachment":[{"href":"https:\/\/jg26.store\/index.php\/wp-json\/wp\/v2\/media?parent=2218"}],"wp:term":[{"taxonomy":"product_brand","embeddable":true,"href":"https:\/\/jg26.store\/index.php\/wp-json\/wp\/v2\/product_brand?post=2218"},{"taxonomy":"product_cat","embeddable":true,"href":"https:\/\/jg26.store\/index.php\/wp-json\/wp\/v2\/product_cat?post=2218"},{"taxonomy":"product_tag","embeddable":true,"href":"https:\/\/jg26.store\/index.php\/wp-json\/wp\/v2\/product_tag?post=2218"}],"curies":[{"name":"wp","href":"https:\/\/api.w.org\/{rel}","templated":true}]}}