{"id":3,"date":"2023-01-25T12:32:10","date_gmt":"2023-01-25T12:32:10","guid":{"rendered":"http:\/\/jg26.store\/?page_id=3"},"modified":"2025-01-29T13:59:27","modified_gmt":"2025-01-29T13:59:27","slug":"privacitat","status":"publish","type":"page","link":"https:\/\/jg26.store\/index.php\/privacitat\/","title":{"rendered":"Politica de privacitat"},"content":{"rendered":"\t\t<div data-elementor-type=\"wp-page\" data-elementor-id=\"3\" class=\"elementor elementor-3\">\n\t\t\t\t<div class=\"elementor-element elementor-element-743cfc7d e-flex e-con-boxed e-con e-parent\" data-id=\"743cfc7d\" data-element_type=\"container\">\n\t\t\t\t\t<div class=\"e-con-inner\">\n\t\t\t\t<div class=\"elementor-element elementor-element-aa10928 elementor-widget elementor-widget-text-editor\" data-id=\"aa10928\" data-element_type=\"widget\" data-widget_type=\"text-editor.default\">\n\t\t\t\t<div class=\"elementor-widget-container\">\n\t\t\t\t\t\t\t\t\t<p><\/p>\n<p>A jg26.store, ens comprometem a protegir la teva privacitat i les teves dades personals. Aquesta pol\u00edtica de privacitat descriu quines dades recopilem, com les utilitzem, amb qui les compartim i quins s\u00f3n els teus drets en relaci\u00f3 amb aquestes dades.<\/p>\n<h4 class=\"wp-block-heading\"><strong>Quines dades recopilem?<\/strong><\/h4>\n<p>Recopilem les seg\u00fcents dades personals:<\/p>\n<ul>\n<li>Informaci\u00f3 identificativa: nom, adre\u00e7a, correu electr\u00f2nic, n\u00famero de tel\u00e8fon.<\/li>\n<li>Dades de pagament: targetes de cr\u00e8dit\/d\u00e8bit, serveis de pagament com MONEI.<\/li>\n<li>Dades de comandes: productes comprats, historial de comandes.<\/li>\n<li>Dades t\u00e8cniques: adre\u00e7a IP, tipus de navegador, sistema operatiu.<\/li>\n<li>Dades de navegaci\u00f3: p\u00e0gines visitades, temps de perman\u00e8ncia al web.<\/li>\n<\/ul>\n<p>Tamb\u00e9, quan deixes comentaris al nostre lloc, recopilem les dades proporcionades al formulari de comentaris, aix\u00ed com la teva adre\u00e7a IP i el tipus de navegador per ajudar a la detecci\u00f3 d\u2019spam. Una cadena anonimizada creada a partir del teu correu electr\u00f2nic pot ser proporcionada al servei Gravatar per verificar si l\u2019utilitzes. Despr\u00e9s de l\u2019aprovaci\u00f3 del teu comentari, la teva imatge de perfil ser\u00e0 visible per al p\u00fablic en el context del comentari.<\/p>\n<h4><strong>Com utilitzem aquestes dades?<\/strong><\/h4>\n<ul>\n<li>Per processar les comandes i enviar els productes.<\/li>\n<li>Per gestionar els pagaments de manera segura.<\/li>\n<li>Per enviar notificacions de comandes i actualitzacions.<\/li>\n<li>Amb el teu consentiment, per enviar-te ofertes personalitzades i promocions.<\/li>\n<li>Per millorar l\u2019experi\u00e8ncia de navegaci\u00f3 a la web i realitzar an\u00e0lisis del tr\u00e0fic.<\/li>\n<\/ul>\n<p>Si carregues imatges al web, has d\u2019evitar carregar imatges amb dades d\u2019ubicaci\u00f3 incrustades (EXIF GPS). Els visitants del lloc web poden descarregar i extreure qualsevol dada d&#8217;ubicaci\u00f3 de les imatges del lloc web.<\/p>\n<h4><strong>Cookies<\/strong><\/h4>\n<ul>\n<li>Si deixes un comentari al nostre lloc, pots optar per desar el teu nom, correu electr\u00f2nic i lloc web en cookies per comoditat. Aquestes cookies tindran una durada d\u2019un any.<\/li>\n<li>Quan inicies sessi\u00f3, configurarem diverses cookies per desar la informaci\u00f3 de la sessi\u00f3 i les prefer\u00e8ncies de pantalla. Les cookies d&#8217;inici de sessi\u00f3 duren dos dies, i les de prefer\u00e8ncies de pantalla, un any. Si selecciones &#8220;Recorda&#8217;m&#8221;, la sessi\u00f3 durar\u00e0 dues setmanes.<\/li>\n<\/ul>\n<h4><strong>Amb qui compartim les dades?<\/strong><\/h4>\n<p>Les dades poden ser compartides amb:<\/p>\n<ul>\n<li>Prove\u00efdors de pagament com MONEI i PayPal.<\/li>\n<li>Serveis de missatgeria per a l\u2019enviament de productes.<\/li>\n<li>Prove\u00efdors t\u00e8cnics que mantenen el nostre web.<\/li>\n<li>Comentaris de visitants poden ser revisats per serveis autom\u00e0tics de detecci\u00f3 d&#8217;spam.<\/li>\n<\/ul>\n<h4><strong>Drets dels usuaris<\/strong><\/h4>\n<p>Tens dret a accedir, rectificar, cancel\u00b7lar o oposar-te al tractament de les teves dades. A m\u00e9s, pots sol\u00b7licitar la portabilitat de les dades i la seva limitaci\u00f3 de tractament. Per exercir aquests drets, envia un correu a <strong><a rel=\"noopener\">privacidad@jg26.store<\/a><\/strong>.<\/p>\n<h4><strong>Temps de retenci\u00f3 de les dades<\/strong><\/h4>\n<p>Conservem les dades durant el temps necessari per complir les finalitats per a les quals van ser recollides, o segons exigeixi la legislaci\u00f3 vigent.<\/p>\n<h4><strong>Contacte<\/strong><\/h4>\n<p>Per qualsevol dubte o sol\u00b7licitud relacionada amb la privacitat, pots contactar-nos a <strong><a rel=\"noopener\">privacidad@jg26.store<\/a><\/strong>.<\/p>\n<p><\/p>\t\t\t\t\t\t\t\t<\/div>\n\t\t\t\t<\/div>\n\t\t\t\t\t<\/div>\n\t\t\t\t<\/div>\n\t\t<div class=\"elementor-element elementor-element-507f3044 e-flex e-con-boxed e-con e-parent\" data-id=\"507f3044\" data-element_type=\"container\" data-settings=\"{&quot;background_background&quot;:&quot;classic&quot;}\">\n\t\t\t\t\t<div class=\"e-con-inner\">\n\t\t<div class=\"elementor-element elementor-element-5da8fc06 e-con-full e-flex e-con e-child\" data-id=\"5da8fc06\" data-element_type=\"container\">\n\t\t\t\t<div class=\"elementor-element elementor-element-7f3ccfd elementor-widget elementor-widget-image\" data-id=\"7f3ccfd\" data-element_type=\"widget\" data-widget_type=\"image.default\">\n\t\t\t\t<div class=\"elementor-widget-container\">\n\t\t\t\t\t\t\t\t\t\t\t\t\t\t\t<img fetchpriority=\"high\" decoding=\"async\" width=\"1024\" height=\"302\" src=\"https:\/\/jg26.store\/wp-content\/uploads\/2023\/08\/LOGO_GARCIA-e1691060550367-1024x302.png\" class=\"attachment-large size-large wp-image-1193\" alt=\"\" srcset=\"https:\/\/jg26.store\/wp-content\/uploads\/2023\/08\/LOGO_GARCIA-e1691060550367-1024x302.png 1024w, https:\/\/jg26.store\/wp-content\/uploads\/2023\/08\/LOGO_GARCIA-e1691060550367-1200x353.png 1200w, https:\/\/jg26.store\/wp-content\/uploads\/2023\/08\/LOGO_GARCIA-e1691060550367-300x88.png 300w, https:\/\/jg26.store\/wp-content\/uploads\/2023\/08\/LOGO_GARCIA-e1691060550367-768x226.png 768w, https:\/\/jg26.store\/wp-content\/uploads\/2023\/08\/LOGO_GARCIA-e1691060550367.png 1287w\" sizes=\"(max-width: 1024px) 100vw, 1024px\" \/>\t\t\t\t\t\t\t\t\t\t\t\t\t\t\t<\/div>\n\t\t\t\t<\/div>\n\t\t\t\t<div class=\"elementor-element elementor-element-6c8eec98 elementor-widget elementor-widget-text-editor\" data-id=\"6c8eec98\" data-element_type=\"widget\" data-widget_type=\"text-editor.default\">\n\t\t\t\t<div class=\"elementor-widget-container\">\n\t\t\t\t\t\t\t\t\t<h3 style=\"color: #333333; font-weight: bold; text-transform: uppercase; letter-spacing: 1px; ; margin-bottom: 10px;\">Dressing dreams, crafting style, riding beyond limits.<\/h3>\t\t\t\t\t\t\t\t<\/div>\n\t\t\t\t<\/div>\n\t\t\t\t<\/div>\n\t\t<div class=\"elementor-element elementor-element-2a02fe6e e-con-full e-flex e-con e-child\" data-id=\"2a02fe6e\" data-element_type=\"container\">\n\t\t\t\t<div class=\"elementor-element elementor-element-4a1c5ac9 elementor-widget elementor-widget-text-editor\" data-id=\"4a1c5ac9\" data-element_type=\"widget\" data-widget_type=\"text-editor.default\">\n\t\t\t\t<div class=\"elementor-widget-container\">\n\t\t\t\t\t\t\t\t\t<h4 class=\"wp-block-heading\">Informaci\u00f3<\/h4>\n<ul style=\"list-style: none; padding: 0; margin: 0;\">\n    <li><a style=\"font-size: 16px;\" href=\"https:\/\/jg26.store\/index.php\/privacitat\/\">Pol\u00edtica de privacitat<\/a><\/li>\n    <li><a href=\"https:\/\/jg26.store\/index.php\/contacte\/\">Contacta&#8217;ns<\/a><\/li>\n    <li><a href=\"https:\/\/jg26.store\/index.php\/termes-i-condicions\/\">Termes i condicions<\/a><\/li>\n    <li><a href=\"https:\/\/jg26.store\/index.php\/avis-legal\/\">Av\u00eds legal<\/a><\/li>\n    <li><a href=\"https:\/\/jg26.store\/index.php\/dades-enviament\/\">Dades d&#8217;enviament<\/a><\/li>\n<\/ul>\n\t\t\t\t\t\t\t\t<\/div>\n\t\t\t\t<\/div>\n\t\t\t\t<\/div>\n\t\t<div class=\"elementor-element elementor-element-22a3f235 e-con-full e-flex e-con e-child\" data-id=\"22a3f235\" data-element_type=\"container\">\n\t\t\t\t<div class=\"elementor-element elementor-element-6b6ace38 elementor-widget elementor-widget-text-editor\" data-id=\"6b6ace38\" data-element_type=\"widget\" data-widget_type=\"text-editor.default\">\n\t\t\t\t<div class=\"elementor-widget-container\">\n\t\t\t\t\t\t\t\t\t<h4 class=\"wp-block-heading\">Contacte<\/h4>\nNecessites ajuda o tens alguna pregunta?  \nContacta&#8217;ns a &#8211; <a>info@jg26.store<\/a>  <br><br>\n\nPer a un contacte m\u00e9s espec\u00edfic:  \n<a>privacitat@jg26.store<\/a> | <a>suport@jg26.store<\/a>  \nWebDev &#8211; <a>info@webworksbcn.es<\/a>  \t\t\t\t\t\t\t\t<\/div>\n\t\t\t\t<\/div>\n\t\t\t\t<\/div>\n\t\t\t\t\t<\/div>\n\t\t\t\t<\/div>\n\t\t\t\t<\/div>\n\t\t","protected":false},"excerpt":{"rendered":"<p>A jg26.store, ens comprometem a protegir la teva privacitat i les teves dades personals. Aquesta pol\u00edtica de privacitat descriu quines dades recopilem, com les utilitzem, amb qui les compartim i quins s\u00f3n els teus drets en relaci\u00f3 amb aquestes dades. Quines dades recopilem? Recopilem les seg\u00fcents dades personals: Informaci\u00f3 identificativa: nom, adre\u00e7a, correu electr\u00f2nic, n\u00famero [&hellip;]<\/p>\n","protected":false},"author":1,"featured_media":0,"parent":0,"menu_order":0,"comment_status":"closed","ping_status":"closed","template":"","meta":{"footnotes":""},"class_list":["post-3","page","type-page","status-publish","hentry"],"blocksy_meta":[],"_links":{"self":[{"href":"https:\/\/jg26.store\/index.php\/wp-json\/wp\/v2\/pages\/3","targetHints":{"allow":["GET"]}}],"collection":[{"href":"https:\/\/jg26.store\/index.php\/wp-json\/wp\/v2\/pages"}],"about":[{"href":"https:\/\/jg26.store\/index.php\/wp-json\/wp\/v2\/types\/page"}],"author":[{"embeddable":true,"href":"https:\/\/jg26.store\/index.php\/wp-json\/wp\/v2\/users\/1"}],"replies":[{"embeddable":true,"href":"https:\/\/jg26.store\/index.php\/wp-json\/wp\/v2\/comments?post=3"}],"version-history":[{"count":10,"href":"https:\/\/jg26.store\/index.php\/wp-json\/wp\/v2\/pages\/3\/revisions"}],"predecessor-version":[{"id":2198,"href":"https:\/\/jg26.store\/index.php\/wp-json\/wp\/v2\/pages\/3\/revisions\/2198"}],"wp:attachment":[{"href":"https:\/\/jg26.store\/index.php\/wp-json\/wp\/v2\/media?parent=3"}],"curies":[{"name":"wp","href":"https:\/\/api.w.org\/{rel}","templated":true}]}}