{"id":1713,"date":"2024-09-06T15:24:43","date_gmt":"2024-09-06T15:24:43","guid":{"rendered":"https:\/\/jg26.store\/?page_id=1713"},"modified":"2024-09-06T15:31:24","modified_gmt":"2024-09-06T15:31:24","slug":"aviso-legal","status":"publish","type":"page","link":"https:\/\/jg26.store\/index.php\/es\/aviso-legal\/","title":{"rendered":"Aviso Legal"},"content":{"rendered":"\t\t<div data-elementor-type=\"wp-page\" data-elementor-id=\"1713\" class=\"elementor elementor-1713\">\n\t\t\t\t<div class=\"elementor-element elementor-element-f101701 e-flex e-con-boxed e-con e-parent\" data-id=\"f101701\" data-element_type=\"container\">\n\t\t\t\t\t<div class=\"e-con-inner\">\n\t\t\t\t<div class=\"elementor-element elementor-element-6f18732 elementor-widget elementor-widget-text-editor\" data-id=\"6f18732\" data-element_type=\"widget\" data-widget_type=\"text-editor.default\">\n\t\t\t\t<div class=\"elementor-widget-container\">\n\t\t\t\t\t\t\t\t\t<h3>1. Datos Identificativos<\/h3>\n<p>En cumplimiento con la Ley 34\/2002, de 11 de julio, de servicios de la sociedad de la informaci\u00f3n y de comercio electr\u00f3nico (LSSI), se informa de los siguientes datos:<\/p>\n<ul>\n<li><strong>Titular del sitio web<\/strong>: JG26 S.L.U.<\/li>\n<li><strong>CIF\/NIF<\/strong>: L-714173-J<\/li>\n<li><strong>Direcci\u00f3n<\/strong>: AD 400 LA MASSANA, ANDORRA.<\/li>\n<li><strong>Correo electr\u00f3nico<\/strong>: <a rel=\"noopener\">soporte@jg26.store<\/a><\/li>\n<\/ul>\n<h3>2. Responsable del Sitio Web<\/h3>\n<p>El responsable del sitio web es <strong>Aleix Viladrich<\/strong>, que act\u00faa como administrador de la p\u00e1gina, y <strong>JG26 S.L.U.<\/strong>, responsable del tratamiento de datos personales, cumpliendo con el Reglamento General de Protecci\u00f3n de Datos (RGPD) y la normativa vigente.<\/p>\n<h3>3. Condiciones de Uso<\/h3>\n<p>El acceso a este sitio web implica la aceptaci\u00f3n de las siguientes condiciones:<\/p>\n<ul>\n<li>El usuario se compromete a utilizar este sitio web conforme a la ley y a no realizar actividades que puedan da\u00f1ar los derechos o intereses de terceros.<\/li>\n<li>El titular del sitio web se reserva el derecho de modificar los contenidos, la estructura o los servicios prestados sin previo aviso.<\/li>\n<\/ul>\n<h3>4. Propiedad Intelectual<\/h3>\n<p>Todo el contenido del sitio web (textos, im\u00e1genes, gr\u00e1ficos, logotipos, iconos, botones, software, combinaciones de colores, estructura, etc.) est\u00e1 protegido por derechos de autor y otras leyes aplicables. Queda prohibida su reproducci\u00f3n, distribuci\u00f3n o modificaci\u00f3n sin la autorizaci\u00f3n expresa del titular del sitio.<\/p>\n<h3>5. Enlaces Externos<\/h3>\n<p>El sitio web puede contener enlaces a sitios externos de terceros. El titular no asume ninguna responsabilidad por el contenido de estos sitios ni por cualquier da\u00f1o o perjuicio que pueda surgir del acceso a ellos.<\/p>\n<h3>6. Protecci\u00f3n de Datos Personales<\/h3>\n<p>De acuerdo con la normativa vigente sobre protecci\u00f3n de datos personales, se informa al usuario que los datos facilitados a trav\u00e9s de este sitio web ser\u00e1n tratados por <strong>JG26 S.L.U.<\/strong> con el fin de gestionar las solicitudes y consultas recibidas. Para m\u00e1s informaci\u00f3n, consulte nuestra&nbsp;<a href=\"https:\/\/jg26.store\/index.php\/es\/privacidad\/\" target=\"_blank\">politica de privacidad<\/a>.<\/p>\n<h3>7. Limitaci\u00f3n de Responsabilidad<\/h3>\n<p>El titular del sitio no se responsabiliza de posibles errores de seguridad o da\u00f1os que puedan ocurrir en el sistema inform\u00e1tico del usuario debido a la presencia de virus u otros elementos que puedan afectar al funcionamiento de su equipo, derivados de la navegaci\u00f3n por Internet.<\/p>\n<h3>8. Legislaci\u00f3n Aplicable<\/h3>\n<p>Este Aviso Legal se rige por la legislaci\u00f3n de Andorra. Cualquier disputa derivada del acceso o uso del sitio web ser\u00e1 competencia de los tribunales correspondientes al domicilio del titular del sitio.<\/p>\t\t\t\t\t\t\t\t<\/div>\n\t\t\t\t<\/div>\n\t\t\t\t\t<\/div>\n\t\t\t\t<\/div>\n\t\t\t\t<\/div>\n\t\t","protected":false},"excerpt":{"rendered":"<p>1. Datos Identificativos En cumplimiento con la Ley 34\/2002, de 11 de julio, de servicios de la sociedad de la informaci\u00f3n y de comercio electr\u00f3nico (LSSI), se informa de los siguientes datos: Titular del sitio web: JG26 S.L.U. CIF\/NIF: L-714173-J Direcci\u00f3n: AD 400 LA MASSANA, ANDORRA. Correo electr\u00f3nico: soporte@jg26.store 2. Responsable del Sitio Web El [&hellip;]<\/p>\n","protected":false},"author":1,"featured_media":0,"parent":0,"menu_order":0,"comment_status":"closed","ping_status":"closed","template":"","meta":{"footnotes":""},"class_list":["post-1713","page","type-page","status-publish","hentry"],"blocksy_meta":[],"_links":{"self":[{"href":"https:\/\/jg26.store\/index.php\/wp-json\/wp\/v2\/pages\/1713","targetHints":{"allow":["GET"]}}],"collection":[{"href":"https:\/\/jg26.store\/index.php\/wp-json\/wp\/v2\/pages"}],"about":[{"href":"https:\/\/jg26.store\/index.php\/wp-json\/wp\/v2\/types\/page"}],"author":[{"embeddable":true,"href":"https:\/\/jg26.store\/index.php\/wp-json\/wp\/v2\/users\/1"}],"replies":[{"embeddable":true,"href":"https:\/\/jg26.store\/index.php\/wp-json\/wp\/v2\/comments?post=1713"}],"version-history":[{"count":6,"href":"https:\/\/jg26.store\/index.php\/wp-json\/wp\/v2\/pages\/1713\/revisions"}],"predecessor-version":[{"id":2189,"href":"https:\/\/jg26.store\/index.php\/wp-json\/wp\/v2\/pages\/1713\/revisions\/2189"}],"wp:attachment":[{"href":"https:\/\/jg26.store\/index.php\/wp-json\/wp\/v2\/media?parent=1713"}],"curies":[{"name":"wp","href":"https:\/\/api.w.org\/{rel}","templated":true}]}}