{"id":1704,"date":"2024-09-06T15:20:11","date_gmt":"2024-09-06T15:20:11","guid":{"rendered":"https:\/\/jg26.store\/?page_id=1704"},"modified":"2025-01-29T13:46:04","modified_gmt":"2025-01-29T13:46:04","slug":"avis-legal","status":"publish","type":"page","link":"https:\/\/jg26.store\/index.php\/avis-legal\/","title":{"rendered":"Av\u00eds Legal"},"content":{"rendered":"\t\t<div data-elementor-type=\"wp-page\" data-elementor-id=\"1704\" class=\"elementor elementor-1704\">\n\t\t\t\t<div class=\"elementor-element elementor-element-f101701 e-flex e-con-boxed e-con e-parent\" data-id=\"f101701\" data-element_type=\"container\">\n\t\t\t\t\t<div class=\"e-con-inner\">\n\t\t\t\t<div class=\"elementor-element elementor-element-6f18732 elementor-widget elementor-widget-text-editor\" data-id=\"6f18732\" data-element_type=\"widget\" data-widget_type=\"text-editor.default\">\n\t\t\t\t<div class=\"elementor-widget-container\">\n\t\t\t\t\t\t\t\t\t<h3>1. Dades Identificatives<\/h3>\n<p>En compliment amb la Llei 34\/2002, d&#8217;11 de juliol, de serveis de la societat de la informaci\u00f3 i de comer\u00e7 electr\u00f2nic (LSSI), s&#8217;informa de les dades seg\u00fcents:<\/p>\n<ul>\n<li><strong>Titular del lloc web<\/strong>: JG26 S.L.U.<\/li>\n<li><strong>CIF\/NIF<\/strong>: L-714173-J<\/li>\n<li><strong>Adre\u00e7a<\/strong>: AD 400 LA MASSANA ANDORRA.<\/li>\n<li><strong>Correu electr\u00f2nic<\/strong>: <a rel=\"noopener\">soporte@jg26.store<\/a><\/li>\n<\/ul>\n<h3>2. Responsable del Lloc Web<\/h3>\n<p>El responsable del lloc web \u00e9s Aleix Viladrich que actua com a administrador de la p\u00e0gina i JG26 S.L.U. responsable del tractament de dades personals, complint amb el Reglament General de Protecci\u00f3 de Dades (RGPD) i la normativa vigent.<\/p>\n<h3>3. Condicions d&#8217;\u00das<\/h3>\n<p>L&#8217;acc\u00e9s a aquest lloc web implica l&#8217;acceptaci\u00f3 de les condicions seg\u00fcents:<\/p>\n<ul>\n<li>L&#8217;usuari es compromet a utilitzar aquest lloc web d&#8217;acord amb la llei i a no realitzar activitats que puguin danyar els drets o interessos de tercers.<\/li>\n<li>El titular del lloc web es reserva el dret de modificar els continguts, l&#8217;estructura o els serveis prestats sense previ av\u00eds.<\/li>\n<\/ul>\n<h3>4. Propietat Intel\u00b7lectual<\/h3>\n<p>Tot el contingut del lloc web (textos, imatges, gr\u00e0fics, logotips, icones, botons, programari, combinacions de colors, estructura, etc.) est\u00e0 protegit per drets d&#8217;autor i altres lleis aplicables. Queda prohibida la seva reproducci\u00f3, distribuci\u00f3 o modificaci\u00f3 sense l&#8217;autoritzaci\u00f3 expressa del titular del lloc.<\/p>\n<h3>5. Enlla\u00e7os Externs<\/h3>\n<p>El lloc web pot contenir enlla\u00e7os a llocs externs de tercers. El titular no assumeix cap responsabilitat pel contingut d&#8217;aquests llocs ni per qualsevol dany o perjudici que pugui sorgir de l&#8217;acc\u00e9s als mateixos.<\/p>\n<h3>6. Protecci\u00f3 de Dades Personals<\/h3>\n<p>D&#8217;acord amb la normativa vigent sobre protecci\u00f3 de dades personals, s&#8217;informa l&#8217;usuari que les dades facilitades a trav\u00e9s d&#8217;aquest lloc web seran tractades per JG26 S.L.U. amb la finalitat de gestionar les sol\u00b7licituds i consultes rebudes. Per a m\u00e9s informaci\u00f3, consulteu la nostra&nbsp;<a href=\"https:\/\/jg26.store\/index.php\/privacitat\/\" target=\"_blank\" rel=\"noopener\">Politica de privacitat<\/a>.<\/p>\n<h3>7. Limitaci\u00f3 de Responsabilitat<\/h3>\n<p>El titular del lloc no es fa responsable de possibles errors de seguretat o danys que puguin oc\u00f3rrer en el sistema inform\u00e0tic de l&#8217;usuari a causa de la pres\u00e8ncia de virus o altres elements que puguin afectar el funcionament del seu equip, derivats de la navegaci\u00f3 per Internet.<\/p>\n<h3>8. Legislaci\u00f3 Aplicable<\/h3>\n<p>Aquest Av\u00eds Legal es regeix per la legislaci\u00f3 d&#8217;Andorra. Qualsevol disputa derivada de l&#8217;acc\u00e9s o \u00fas del lloc web ser\u00e0 compet\u00e8ncia dels tribunals corresponents al domicili del titular del lloc.<\/p>\t\t\t\t\t\t\t\t<\/div>\n\t\t\t\t<\/div>\n\t\t\t\t\t<\/div>\n\t\t\t\t<\/div>\n\t\t<div class=\"elementor-element elementor-element-4f3dca3a e-flex e-con-boxed e-con e-parent\" data-id=\"4f3dca3a\" data-element_type=\"container\" data-settings=\"{&quot;background_background&quot;:&quot;classic&quot;}\">\n\t\t\t\t\t<div class=\"e-con-inner\">\n\t\t<div class=\"elementor-element elementor-element-6399b0ad e-con-full e-flex e-con e-child\" data-id=\"6399b0ad\" data-element_type=\"container\">\n\t\t\t\t<div class=\"elementor-element elementor-element-3217f519 elementor-widget elementor-widget-image\" data-id=\"3217f519\" data-element_type=\"widget\" data-widget_type=\"image.default\">\n\t\t\t\t<div class=\"elementor-widget-container\">\n\t\t\t\t\t\t\t\t\t\t\t\t\t\t\t<img fetchpriority=\"high\" decoding=\"async\" width=\"1024\" height=\"302\" src=\"https:\/\/jg26.store\/wp-content\/uploads\/2023\/08\/LOGO_GARCIA-e1691060550367-1024x302.png\" class=\"attachment-large size-large wp-image-1193\" alt=\"\" srcset=\"https:\/\/jg26.store\/wp-content\/uploads\/2023\/08\/LOGO_GARCIA-e1691060550367-1024x302.png 1024w, https:\/\/jg26.store\/wp-content\/uploads\/2023\/08\/LOGO_GARCIA-e1691060550367-1200x353.png 1200w, https:\/\/jg26.store\/wp-content\/uploads\/2023\/08\/LOGO_GARCIA-e1691060550367-300x88.png 300w, https:\/\/jg26.store\/wp-content\/uploads\/2023\/08\/LOGO_GARCIA-e1691060550367-768x226.png 768w, https:\/\/jg26.store\/wp-content\/uploads\/2023\/08\/LOGO_GARCIA-e1691060550367.png 1287w\" sizes=\"(max-width: 1024px) 100vw, 1024px\" \/>\t\t\t\t\t\t\t\t\t\t\t\t\t\t\t<\/div>\n\t\t\t\t<\/div>\n\t\t\t\t<div class=\"elementor-element elementor-element-3bd4df81 elementor-widget elementor-widget-text-editor\" data-id=\"3bd4df81\" data-element_type=\"widget\" data-widget_type=\"text-editor.default\">\n\t\t\t\t<div class=\"elementor-widget-container\">\n\t\t\t\t\t\t\t\t\t<h3 style=\"color: #333333; font-weight: bold; text-transform: uppercase; letter-spacing: 1px; ; margin-bottom: 10px;\">Dressing dreams, crafting style, riding beyond limits.<\/h3>\t\t\t\t\t\t\t\t<\/div>\n\t\t\t\t<\/div>\n\t\t\t\t<\/div>\n\t\t<div class=\"elementor-element elementor-element-2e346ddd e-con-full e-flex e-con e-child\" data-id=\"2e346ddd\" data-element_type=\"container\">\n\t\t\t\t<div class=\"elementor-element elementor-element-24888303 elementor-widget elementor-widget-text-editor\" data-id=\"24888303\" data-element_type=\"widget\" data-widget_type=\"text-editor.default\">\n\t\t\t\t<div class=\"elementor-widget-container\">\n\t\t\t\t\t\t\t\t\t<h4 class=\"wp-block-heading\">Informaci\u00f3<\/h4>\n<ul style=\"list-style: none; padding: 0; margin: 0;\">\n    <li><a style=\"font-size: 16px;\" href=\"https:\/\/jg26.store\/index.php\/privacitat\/\">Pol\u00edtica de privacitat<\/a><\/li>\n    <li><a href=\"https:\/\/jg26.store\/index.php\/contacte\/\">Contacta&#8217;ns<\/a><\/li>\n    <li><a href=\"https:\/\/jg26.store\/index.php\/termes-i-condicions\/\">Termes i condicions<\/a><\/li>\n    <li><a href=\"https:\/\/jg26.store\/index.php\/avis-legal\/\">Av\u00eds legal<\/a><\/li>\n    <li><a href=\"https:\/\/jg26.store\/index.php\/dades-enviament\/\">Dades d&#8217;enviament<\/a><\/li>\n<\/ul>\n\t\t\t\t\t\t\t\t<\/div>\n\t\t\t\t<\/div>\n\t\t\t\t<\/div>\n\t\t<div class=\"elementor-element elementor-element-1ecbd162 e-con-full e-flex e-con e-child\" data-id=\"1ecbd162\" data-element_type=\"container\">\n\t\t\t\t<div class=\"elementor-element elementor-element-20b1aa20 elementor-widget elementor-widget-text-editor\" data-id=\"20b1aa20\" data-element_type=\"widget\" data-widget_type=\"text-editor.default\">\n\t\t\t\t<div class=\"elementor-widget-container\">\n\t\t\t\t\t\t\t\t\t<h4 class=\"wp-block-heading\">Contacte<\/h4>\nNecessites ajuda o tens alguna pregunta?  \nContacta&#8217;ns a &#8211; <a>info@jg26.store<\/a>  <br><br>\n\nPer a un contacte m\u00e9s espec\u00edfic:  \n<a>privacitat@jg26.store<\/a> | <a>suport@jg26.store<\/a>  \nWebDev &#8211; <a>info@webworksbcn.es<\/a>  \t\t\t\t\t\t\t\t<\/div>\n\t\t\t\t<\/div>\n\t\t\t\t<\/div>\n\t\t\t\t\t<\/div>\n\t\t\t\t<\/div>\n\t\t\t\t<\/div>\n\t\t","protected":false},"excerpt":{"rendered":"<p>1. Dades Identificatives En compliment amb la Llei 34\/2002, d&#8217;11 de juliol, de serveis de la societat de la informaci\u00f3 i de comer\u00e7 electr\u00f2nic (LSSI), s&#8217;informa de les dades seg\u00fcents: Titular del lloc web: JG26 S.L.U. CIF\/NIF: L-714173-J Adre\u00e7a: AD 400 LA MASSANA ANDORRA. Correu electr\u00f2nic: soporte@jg26.store 2. Responsable del Lloc Web El responsable del [&hellip;]<\/p>\n","protected":false},"author":1,"featured_media":0,"parent":0,"menu_order":0,"comment_status":"closed","ping_status":"closed","template":"","meta":{"footnotes":""},"class_list":["post-1704","page","type-page","status-publish","hentry"],"blocksy_meta":[],"_links":{"self":[{"href":"https:\/\/jg26.store\/index.php\/wp-json\/wp\/v2\/pages\/1704","targetHints":{"allow":["GET"]}}],"collection":[{"href":"https:\/\/jg26.store\/index.php\/wp-json\/wp\/v2\/pages"}],"about":[{"href":"https:\/\/jg26.store\/index.php\/wp-json\/wp\/v2\/types\/page"}],"author":[{"embeddable":true,"href":"https:\/\/jg26.store\/index.php\/wp-json\/wp\/v2\/users\/1"}],"replies":[{"embeddable":true,"href":"https:\/\/jg26.store\/index.php\/wp-json\/wp\/v2\/comments?post=1704"}],"version-history":[{"count":11,"href":"https:\/\/jg26.store\/index.php\/wp-json\/wp\/v2\/pages\/1704\/revisions"}],"predecessor-version":[{"id":2187,"href":"https:\/\/jg26.store\/index.php\/wp-json\/wp\/v2\/pages\/1704\/revisions\/2187"}],"wp:attachment":[{"href":"https:\/\/jg26.store\/index.php\/wp-json\/wp\/v2\/media?parent=1704"}],"curies":[{"name":"wp","href":"https:\/\/api.w.org\/{rel}","templated":true}]}}